{"id":2,"date":"2016-05-10T03:48:21","date_gmt":"2016-05-10T03:48:21","guid":{"rendered":"http:\/\/oronzolupo.it\/?page_id=2"},"modified":"2022-12-17T14:59:03","modified_gmt":"2022-12-17T14:59:03","slug":"sample-page","status":"publish","type":"page","link":"https:\/\/oronzolupo.it\/?page_id=2","title":{"rendered":"Biografia"},"content":{"rendered":"<p><strong><img loading=\"lazy\" decoding=\"async\" class=\"size-medium wp-image-171 alignleft\" src=\"https:\/\/oronzolupo.it\/wp-content\/uploads\/2022\/12\/Senza-titolo-1bn-300x183.jpg\" alt=\"\" width=\"300\" height=\"183\" srcset=\"https:\/\/oronzolupo.it\/wp-content\/uploads\/2022\/12\/Senza-titolo-1bn-300x183.jpg 300w, https:\/\/oronzolupo.it\/wp-content\/uploads\/2022\/12\/Senza-titolo-1bn-1024x623.jpg 1024w, https:\/\/oronzolupo.it\/wp-content\/uploads\/2022\/12\/Senza-titolo-1bn-768x468.jpg 768w, https:\/\/oronzolupo.it\/wp-content\/uploads\/2022\/12\/Senza-titolo-1bn-1536x935.jpg 1536w, https:\/\/oronzolupo.it\/wp-content\/uploads\/2022\/12\/Senza-titolo-1bn-2048x1247.jpg 2048w\" sizes=\"auto, (max-width: 300px) 100vw, 300px\" \/>Oronzo Lupo<\/strong> \u00e8 nato a Francavilla Fontana il 06-07-1973. Ha frequentato l\u2019Istituto Statale d\u2019Arte di Grottaglie (TA) e nel luglio \u201997 ha concluso gli anni di Accademia di Belle Arti di Lecce. Abilitato con concorso ordinario\u00a0 all\u2019insegnamento, da settembre \u201999 \u00e8 docente di Disegno e Storia dell\u2019Arte. I dipinti del Lupo \u201caggrediscono\u201d immediatamente, costringendo lo sguardo, l\u2019animo e la mente del visitatore a cercare, \u201coltre\u201d e dentro la flessuosit\u00e0 dei larghi panneggi, dei volti e degli occhi pieni di luce, l\u2019intensa vita dei personaggi ed il pathos che li caratterizza e li storicizza con prepotenza e con \u201cvivace\u201d dolcezza.<\/p>\n<blockquote><p>Sono figure vive quelle di Oronzo Lupo, figure nate dal suo grande amore per tutto ci\u00f2 che \u00e8 vero, che \u00e8 reale, come la stessa aria che egli respira, come la terra calda e generosa che lo ha nutrito e gli vibra nel sangue e sulla pelle, la terra a cui attinge i colori fondamentali della sua tavolozza, il rosso e l\u2019ocra, i colori con i quali attraverso il pennello, egli \u201cpar di fotografare\u201d la realt\u00e0.<\/p><\/blockquote>\n<p>Riceve numeroso premi e riconoscimenti quali: nel 1992 Primo premio nazionale ad Abano Terme \u201cPasseggiata delleTerme\u201d Progetto per la Pavimentazione del Portico e della Loggia; nel 1995 \u2013 Primo premio estemporanea di Pittura, Comitato San Sebastiano, Francavilla Fontana (BR), nel 1998 Primo premio concorso nazionale \u201cComaed\u00eca 2000\u201d (l\u2019opera \u201clasciate ogni speranza..\u201d \u00e8 esposta nella Casa di Dante,Firenze) e nel 2007\u00a0 Premio per \u201cvalore artistico\u201d al 1\u00b0 concorso\u00a0 internazionale\u00a0 \u201cTrofeo Eiffel\u201d a Parigi.<\/p>\n<p>Dal 2009 collabora con la prestigiosa galleria \u201cSan Giorgio Arte Investimenti\u201d.<\/p>\n<p>Dal 2014 AL 2018 ha realizzato, per\u00a0 la Saint Pio Foundation, i ritratti dei pi\u00f9 conosciuti attori hollywoodiani.<\/p>\n","protected":false},"excerpt":{"rendered":"<p>Oronzo Lupo \u00e8 nato a Francavilla Fontana il 06-07-1973. Ha frequentato l\u2019Istituto Statale d\u2019Arte di Grottaglie (TA) e nel luglio \u201997 ha concluso gli anni di Accademia di Belle Arti di Lecce. Abilitato con concorso ordinario\u00a0 all\u2019insegnamento, da settembre \u201999 \u00e8 docente di Disegno e Storia dell\u2019Arte. I dipinti del Lupo \u201caggrediscono\u201d immediatamente, costringendo lo [&hellip;]<\/p>\n","protected":false},"author":2,"featured_media":0,"parent":0,"menu_order":0,"comment_status":"closed","ping_status":"closed","template":"","meta":{"footnotes":""},"class_list":["post-2","page","type-page","status-publish","hentry"],"yoast_head":"<!-- This site is optimized with the Yoast SEO plugin v27.5 - https:\/\/yoast.com\/product\/yoast-seo-wordpress\/ -->\n<title>Biografia - Oronzo Lupo<\/title>\n<meta name=\"robots\" content=\"index, follow, max-snippet:-1, max-image-preview:large, max-video-preview:-1\" \/>\n<link rel=\"canonical\" href=\"https:\/\/oronzolupo.it\/?page_id=2\" \/>\n<meta property=\"og:locale\" content=\"it_IT\" \/>\n<meta property=\"og:type\" content=\"article\" \/>\n<meta property=\"og:title\" content=\"Biografia - Oronzo Lupo\" \/>\n<meta property=\"og:description\" content=\"Oronzo Lupo \u00e8 nato a Francavilla Fontana il 06-07-1973. Ha frequentato l\u2019Istituto Statale d\u2019Arte di Grottaglie (TA) e nel luglio \u201997 ha concluso gli anni di Accademia di Belle Arti di Lecce. Abilitato con concorso ordinario\u00a0 all\u2019insegnamento, da settembre \u201999 \u00e8 docente di Disegno e Storia dell\u2019Arte. I dipinti del Lupo \u201caggrediscono\u201d immediatamente, costringendo lo [&hellip;]\" \/>\n<meta property=\"og:url\" content=\"https:\/\/oronzolupo.it\/?page_id=2\" \/>\n<meta property=\"og:site_name\" content=\"Oronzo Lupo\" \/>\n<meta property=\"article:modified_time\" content=\"2022-12-17T14:59:03+00:00\" \/>\n<meta property=\"og:image\" content=\"https:\/\/oronzolupo.it\/wp-content\/uploads\/2022\/12\/Senza-titolo-1bn-scaled.jpg\" \/>\n\t<meta property=\"og:image:width\" content=\"2560\" \/>\n\t<meta property=\"og:image:height\" content=\"1558\" \/>\n\t<meta property=\"og:image:type\" content=\"image\/jpeg\" \/>\n<meta name=\"twitter:card\" content=\"summary_large_image\" \/>\n<meta name=\"twitter:label1\" content=\"Tempo di lettura stimato\" \/>\n\t<meta name=\"twitter:data1\" content=\"1 minuto\" \/>\n<script type=\"application\/ld+json\" class=\"yoast-schema-graph\">{\"@context\":\"https:\\\/\\\/schema.org\",\"@graph\":[{\"@type\":\"WebPage\",\"@id\":\"https:\\\/\\\/oronzolupo.it\\\/?page_id=2\",\"url\":\"https:\\\/\\\/oronzolupo.it\\\/?page_id=2\",\"name\":\"Biografia - Oronzo Lupo\",\"isPartOf\":{\"@id\":\"https:\\\/\\\/oronzolupo.it\\\/#website\"},\"primaryImageOfPage\":{\"@id\":\"https:\\\/\\\/oronzolupo.it\\\/?page_id=2#primaryimage\"},\"image\":{\"@id\":\"https:\\\/\\\/oronzolupo.it\\\/?page_id=2#primaryimage\"},\"thumbnailUrl\":\"https:\\\/\\\/oronzolupo.it\\\/wp-content\\\/uploads\\\/2022\\\/12\\\/Senza-titolo-1bn-300x183.jpg\",\"datePublished\":\"2016-05-10T03:48:21+00:00\",\"dateModified\":\"2022-12-17T14:59:03+00:00\",\"breadcrumb\":{\"@id\":\"https:\\\/\\\/oronzolupo.it\\\/?page_id=2#breadcrumb\"},\"inLanguage\":\"it-IT\",\"potentialAction\":[{\"@type\":\"ReadAction\",\"target\":[\"https:\\\/\\\/oronzolupo.it\\\/?page_id=2\"]}]},{\"@type\":\"ImageObject\",\"inLanguage\":\"it-IT\",\"@id\":\"https:\\\/\\\/oronzolupo.it\\\/?page_id=2#primaryimage\",\"url\":\"https:\\\/\\\/oronzolupo.it\\\/wp-content\\\/uploads\\\/2022\\\/12\\\/Senza-titolo-1bn-scaled.jpg\",\"contentUrl\":\"https:\\\/\\\/oronzolupo.it\\\/wp-content\\\/uploads\\\/2022\\\/12\\\/Senza-titolo-1bn-scaled.jpg\",\"width\":2560,\"height\":1558},{\"@type\":\"BreadcrumbList\",\"@id\":\"https:\\\/\\\/oronzolupo.it\\\/?page_id=2#breadcrumb\",\"itemListElement\":[{\"@type\":\"ListItem\",\"position\":1,\"name\":\"Home\",\"item\":\"https:\\\/\\\/oronzolupo.it\\\/\"},{\"@type\":\"ListItem\",\"position\":2,\"name\":\"Biografia\"}]},{\"@type\":\"WebSite\",\"@id\":\"https:\\\/\\\/oronzolupo.it\\\/#website\",\"url\":\"https:\\\/\\\/oronzolupo.it\\\/\",\"name\":\"Oronzo Lupo\",\"description\":\"SITO IN COSTRUZIONE\",\"potentialAction\":[{\"@type\":\"SearchAction\",\"target\":{\"@type\":\"EntryPoint\",\"urlTemplate\":\"https:\\\/\\\/oronzolupo.it\\\/?s={search_term_string}\"},\"query-input\":{\"@type\":\"PropertyValueSpecification\",\"valueRequired\":true,\"valueName\":\"search_term_string\"}}],\"inLanguage\":\"it-IT\"}]}<\/script>\n<!-- \/ Yoast SEO plugin. -->","yoast_head_json":{"title":"Biografia - Oronzo Lupo","robots":{"index":"index","follow":"follow","max-snippet":"max-snippet:-1","max-image-preview":"max-image-preview:large","max-video-preview":"max-video-preview:-1"},"canonical":"https:\/\/oronzolupo.it\/?page_id=2","og_locale":"it_IT","og_type":"article","og_title":"Biografia - Oronzo Lupo","og_description":"Oronzo Lupo \u00e8 nato a Francavilla Fontana il 06-07-1973. Ha frequentato l\u2019Istituto Statale d\u2019Arte di Grottaglie (TA) e nel luglio \u201997 ha concluso gli anni di Accademia di Belle Arti di Lecce. Abilitato con concorso ordinario\u00a0 all\u2019insegnamento, da settembre \u201999 \u00e8 docente di Disegno e Storia dell\u2019Arte. I dipinti del Lupo \u201caggrediscono\u201d immediatamente, costringendo lo [&hellip;]","og_url":"https:\/\/oronzolupo.it\/?page_id=2","og_site_name":"Oronzo Lupo","article_modified_time":"2022-12-17T14:59:03+00:00","og_image":[{"width":2560,"height":1558,"url":"https:\/\/oronzolupo.it\/wp-content\/uploads\/2022\/12\/Senza-titolo-1bn-scaled.jpg","type":"image\/jpeg"}],"twitter_card":"summary_large_image","twitter_misc":{"Tempo di lettura stimato":"1 minuto"},"schema":{"@context":"https:\/\/schema.org","@graph":[{"@type":"WebPage","@id":"https:\/\/oronzolupo.it\/?page_id=2","url":"https:\/\/oronzolupo.it\/?page_id=2","name":"Biografia - Oronzo Lupo","isPartOf":{"@id":"https:\/\/oronzolupo.it\/#website"},"primaryImageOfPage":{"@id":"https:\/\/oronzolupo.it\/?page_id=2#primaryimage"},"image":{"@id":"https:\/\/oronzolupo.it\/?page_id=2#primaryimage"},"thumbnailUrl":"https:\/\/oronzolupo.it\/wp-content\/uploads\/2022\/12\/Senza-titolo-1bn-300x183.jpg","datePublished":"2016-05-10T03:48:21+00:00","dateModified":"2022-12-17T14:59:03+00:00","breadcrumb":{"@id":"https:\/\/oronzolupo.it\/?page_id=2#breadcrumb"},"inLanguage":"it-IT","potentialAction":[{"@type":"ReadAction","target":["https:\/\/oronzolupo.it\/?page_id=2"]}]},{"@type":"ImageObject","inLanguage":"it-IT","@id":"https:\/\/oronzolupo.it\/?page_id=2#primaryimage","url":"https:\/\/oronzolupo.it\/wp-content\/uploads\/2022\/12\/Senza-titolo-1bn-scaled.jpg","contentUrl":"https:\/\/oronzolupo.it\/wp-content\/uploads\/2022\/12\/Senza-titolo-1bn-scaled.jpg","width":2560,"height":1558},{"@type":"BreadcrumbList","@id":"https:\/\/oronzolupo.it\/?page_id=2#breadcrumb","itemListElement":[{"@type":"ListItem","position":1,"name":"Home","item":"https:\/\/oronzolupo.it\/"},{"@type":"ListItem","position":2,"name":"Biografia"}]},{"@type":"WebSite","@id":"https:\/\/oronzolupo.it\/#website","url":"https:\/\/oronzolupo.it\/","name":"Oronzo Lupo","description":"SITO IN COSTRUZIONE","potentialAction":[{"@type":"SearchAction","target":{"@type":"EntryPoint","urlTemplate":"https:\/\/oronzolupo.it\/?s={search_term_string}"},"query-input":{"@type":"PropertyValueSpecification","valueRequired":true,"valueName":"search_term_string"}}],"inLanguage":"it-IT"}]}},"_links":{"self":[{"href":"https:\/\/oronzolupo.it\/index.php?rest_route=\/wp\/v2\/pages\/2","targetHints":{"allow":["GET"]}}],"collection":[{"href":"https:\/\/oronzolupo.it\/index.php?rest_route=\/wp\/v2\/pages"}],"about":[{"href":"https:\/\/oronzolupo.it\/index.php?rest_route=\/wp\/v2\/types\/page"}],"author":[{"embeddable":true,"href":"https:\/\/oronzolupo.it\/index.php?rest_route=\/wp\/v2\/users\/2"}],"replies":[{"embeddable":true,"href":"https:\/\/oronzolupo.it\/index.php?rest_route=%2Fwp%2Fv2%2Fcomments&post=2"}],"version-history":[{"count":7,"href":"https:\/\/oronzolupo.it\/index.php?rest_route=\/wp\/v2\/pages\/2\/revisions"}],"predecessor-version":[{"id":223,"href":"https:\/\/oronzolupo.it\/index.php?rest_route=\/wp\/v2\/pages\/2\/revisions\/223"}],"wp:attachment":[{"href":"https:\/\/oronzolupo.it\/index.php?rest_route=%2Fwp%2Fv2%2Fmedia&parent=2"}],"curies":[{"name":"wp","href":"https:\/\/api.w.org\/{rel}","templated":true}]}}